{"id":15400,"date":"2021-07-05T08:37:47","date_gmt":"2021-07-05T11:37:47","guid":{"rendered":"http:\/\/nuevasgeneraciones.com.ar\/sitio\/?page_id=15400"},"modified":"2023-06-29T17:31:37","modified_gmt":"2023-06-29T17:31:37","slug":"conociendo-la-hidrovia","status":"publish","type":"page","link":"https:\/\/nuevasgeneraciones.com.ar\/sitio\/conociendo-la-hidrovia\/","title":{"rendered":"Conociendo la Hidrov\u00eda"},"content":{"rendered":"\t\t<div data-elementor-type=\"wp-page\" data-elementor-id=\"15400\" class=\"elementor elementor-15400\" data-elementor-post-type=\"page\">\n\t\t\t\t\t\t<section class=\"elementor-section elementor-top-section elementor-element elementor-element-3efd1b4f elementor-section-full_width elementor-section-height-default elementor-section-height-default\" data-id=\"3efd1b4f\" data-element_type=\"section\" data-e-type=\"section\" data-settings=\"{&quot;background_background&quot;:&quot;classic&quot;}\">\n\t\t\t\t\t\t<div class=\"elementor-container elementor-column-gap-default\">\n\t\t\t\t\t<div class=\"elementor-column elementor-col-33 elementor-top-column elementor-element elementor-element-187e8204\" data-id=\"187e8204\" data-element_type=\"column\" data-e-type=\"column\">\n\t\t\t<div class=\"elementor-widget-wrap\">\n\t\t\t\t\t\t\t<\/div>\n\t\t<\/div>\n\t\t\t\t<div class=\"elementor-column elementor-col-33 elementor-top-column elementor-element elementor-element-3aeb545d\" data-id=\"3aeb545d\" data-element_type=\"column\" data-e-type=\"column\">\n\t\t\t<div class=\"elementor-widget-wrap elementor-element-populated\">\n\t\t\t\t\t\t<div class=\"elementor-element elementor-element-5998c293 elementor-widget elementor-widget-text-editor\" data-id=\"5998c293\" data-element_type=\"widget\" data-e-type=\"widget\" data-widget_type=\"text-editor.default\">\n\t\t\t\t<div class=\"elementor-widget-container\">\n\t\t\t\t\t\t\t\t\t<h1>Conociendo la Hidrov\u00eda<\/h1>\t\t\t\t\t\t\t\t<\/div>\n\t\t\t\t<\/div>\n\t\t\t\t\t<\/div>\n\t\t<\/div>\n\t\t\t\t<div class=\"elementor-column elementor-col-33 elementor-top-column elementor-element elementor-element-2b1ccc23\" data-id=\"2b1ccc23\" data-element_type=\"column\" data-e-type=\"column\">\n\t\t\t<div class=\"elementor-widget-wrap\">\n\t\t\t\t\t\t\t<\/div>\n\t\t<\/div>\n\t\t\t\t\t<\/div>\n\t\t<\/section>\n\t\t\t\t<section class=\"elementor-section elementor-top-section elementor-element elementor-element-4e34a15a elementor-section-boxed elementor-section-height-default elementor-section-height-default\" data-id=\"4e34a15a\" data-element_type=\"section\" data-e-type=\"section\">\n\t\t\t\t\t\t<div class=\"elementor-container elementor-column-gap-default\">\n\t\t\t\t\t<div class=\"elementor-column elementor-col-100 elementor-top-column elementor-element elementor-element-31e51f8a\" data-id=\"31e51f8a\" data-element_type=\"column\" data-e-type=\"column\">\n\t\t\t<div class=\"elementor-widget-wrap elementor-element-populated\">\n\t\t\t\t\t\t<div class=\"elementor-element elementor-element-6aeb98ce elementor-widget elementor-widget-spacer\" data-id=\"6aeb98ce\" data-element_type=\"widget\" data-e-type=\"widget\" data-widget_type=\"spacer.default\">\n\t\t\t\t<div class=\"elementor-widget-container\">\n\t\t\t\t\t\t\t<div class=\"elementor-spacer\">\n\t\t\t<div class=\"elementor-spacer-inner\"><\/div>\n\t\t<\/div>\n\t\t\t\t\t\t<\/div>\n\t\t\t\t<\/div>\n\t\t\t\t\t<\/div>\n\t\t<\/div>\n\t\t\t\t\t<\/div>\n\t\t<\/section>\n\t\t\t\t<section class=\"elementor-section elementor-top-section elementor-element elementor-element-4175d2eb elementor-section-boxed elementor-section-height-default elementor-section-height-default\" data-id=\"4175d2eb\" data-element_type=\"section\" data-e-type=\"section\">\n\t\t\t\t\t\t<div class=\"elementor-container elementor-column-gap-default\">\n\t\t\t\t\t<div class=\"elementor-column elementor-col-25 elementor-top-column elementor-element elementor-element-52b763ae\" data-id=\"52b763ae\" data-element_type=\"column\" data-e-type=\"column\">\n\t\t\t<div class=\"elementor-widget-wrap\">\n\t\t\t\t\t\t\t<\/div>\n\t\t<\/div>\n\t\t\t\t<div class=\"elementor-column elementor-col-25 elementor-top-column elementor-element elementor-element-60570ce\" data-id=\"60570ce\" data-element_type=\"column\" data-e-type=\"column\">\n\t\t\t<div class=\"elementor-widget-wrap elementor-element-populated\">\n\t\t\t\t\t\t<div class=\"elementor-element elementor-element-4a01bfad elementor-widget-tablet__width-initial elementor-widget__width-initial elementor-widget elementor-widget-image\" data-id=\"4a01bfad\" data-element_type=\"widget\" data-e-type=\"widget\" data-widget_type=\"image.default\">\n\t\t\t\t<div class=\"elementor-widget-container\">\n\t\t\t\t\t\t\t\t\t\t\t\t\t\t\t<img fetchpriority=\"high\" decoding=\"async\" width=\"204\" height=\"300\" src=\"https:\/\/nuevasgeneraciones.com.ar\/sitio\/wp-content\/uploads\/2023\/06\/Tapa-Conociendo-la-Hidrovia-NG--204x300.jpeg\" class=\"attachment-medium size-medium wp-image-18432\" alt=\"\" srcset=\"https:\/\/nuevasgeneraciones.com.ar\/sitio\/wp-content\/uploads\/2023\/06\/Tapa-Conociendo-la-Hidrovia-NG--204x300.jpeg 204w, https:\/\/nuevasgeneraciones.com.ar\/sitio\/wp-content\/uploads\/2023\/06\/Tapa-Conociendo-la-Hidrovia-NG-.jpeg 400w\" sizes=\"(max-width: 204px) 100vw, 204px\" \/>\t\t\t\t\t\t\t\t\t\t\t\t\t\t\t<\/div>\n\t\t\t\t<\/div>\n\t\t\t\t\t<\/div>\n\t\t<\/div>\n\t\t\t\t<div class=\"elementor-column elementor-col-25 elementor-top-column elementor-element elementor-element-4665b626\" data-id=\"4665b626\" data-element_type=\"column\" data-e-type=\"column\">\n\t\t\t<div class=\"elementor-widget-wrap elementor-element-populated\">\n\t\t\t\t\t\t<div class=\"elementor-element elementor-element-3aa5d447 elementor-widget-tablet__width-initial elementor-widget elementor-widget-text-editor\" data-id=\"3aa5d447\" data-element_type=\"widget\" data-e-type=\"widget\" data-widget_type=\"text-editor.default\">\n\t\t\t\t<div class=\"elementor-widget-container\">\n\t\t\t\t\t\t\t\t\t<p>El presente documento se encuentra dirigido principalmente a aquellos tomadores de decisi\u00f3n, que ocupan espacios en el sector p\u00fablico, sea tanto en el Poder Ejecutivo, como en el Poder Legislativo, en el \u00e1mbito nacional, provincial y\/o municipal.<\/p><p>Asimismo, se encuentra desarrollado desde una perspectiva que tambi\u00e9n ser\u00e1 de gran utilidad para los formadores de opini\u00f3n que precisan interiorizarse sobre esta tem\u00e1tica, sean periodistas, organizaciones del tercer sector, o analistas especializados.<\/p><p>En este trabajo, procuraremos acercar hasta todos ellos los conceptos esenciales respecto de la Hidrov\u00eda Paran\u00e1 \u2013 Paraguay, su regulaci\u00f3n, su operaci\u00f3n, su impacto econ\u00f3mico, su administraci\u00f3n, sus riesgos y sus oportunidades, a fin de ponerlos al alcance de los tomadores de decisi\u00f3n y los formadores de opini\u00f3n en nuestro pa\u00eds.<br \/>En este informe el lector encontrar\u00e1 textos sencillos, en los cuales se evitan temas t\u00e9cnicos que puedan resultar muy complejos, y se explican las cuestiones esenciales que permiten entender el funcionamiento de una de las principales v\u00edas navegables del mundo.<\/p><p>Asimismo, se explicar\u00e1 la interacci\u00f3n que la Hidrov\u00eda genera entre Argentina, Paraguay, Bolivia, Brasil y Uruguay, el mecanismo conjunto de toma de decisiones.<br \/>En el mismo sentido, se analizar\u00e1 el impacto econ\u00f3mico, fiscal y laboral que tiene la Hidrov\u00eda, y su vinculaci\u00f3n con todas las provincias productoras de nuestro pa\u00eds.<br \/>En la misma l\u00ednea, expondremos acerca del impacto ambiental que genera la operaci\u00f3n de la Hidrov\u00eda, y cu\u00e1l podr\u00eda ser aqu\u00e9l en caso de que se realizara una ampliaci\u00f3n de la explotaci\u00f3n.<\/p><p>Finalmente, se analizan las definiciones que se tienen por delante, las opciones de actuaci\u00f3n que tiene Argentina, y las posibles consecuencias de cada una de ellas.<br \/>Pero, para comenzar, presentamos un breve resumen de contenidos, que permitir\u00e1 al lector tener un primer acercamiento al tema y formar una opini\u00f3n inicial, para luego profundizarla con el desarrollo de cada uno de los cap\u00edtulos.<\/p><p>El presente trabajo ha sido realizado por el equipo de pol\u00edticas p\u00fablicas de la Fundaci\u00f3n Nuevas Generaciones, en interconsulta con expertos en la administraci\u00f3n de recursos h\u00eddricos, y de especialistas en el desarrollo agroindustrial de las \u00e1reas geogr\u00e1ficas de nuestro pa\u00eds que operan con la Hidrov\u00eda.<\/p><p>Desde nuestra instituci\u00f3n deseamos que este documento resulte de utilidad para el p\u00fablico al que est\u00e1 dirigido, como as\u00ed tambi\u00e9n para todos aquellos que se interesen en la tem\u00e1tica.<\/p>\t\t\t\t\t\t\t\t<\/div>\n\t\t\t\t<\/div>\n\t\t\t\t\t<\/div>\n\t\t<\/div>\n\t\t\t\t<div class=\"elementor-column elementor-col-25 elementor-top-column elementor-element elementor-element-675bd408\" data-id=\"675bd408\" data-element_type=\"column\" data-e-type=\"column\">\n\t\t\t<div class=\"elementor-widget-wrap\">\n\t\t\t\t\t\t\t<\/div>\n\t\t<\/div>\n\t\t\t\t\t<\/div>\n\t\t<\/section>\n\t\t\t\t<section class=\"elementor-section elementor-top-section elementor-element elementor-element-1bab0dff elementor-section-boxed elementor-section-height-default elementor-section-height-default\" data-id=\"1bab0dff\" data-element_type=\"section\" data-e-type=\"section\">\n\t\t\t\t\t\t<div class=\"elementor-container elementor-column-gap-default\">\n\t\t\t\t\t<div class=\"elementor-column elementor-col-25 elementor-top-column elementor-element elementor-element-596b814a\" data-id=\"596b814a\" data-element_type=\"column\" data-e-type=\"column\">\n\t\t\t<div class=\"elementor-widget-wrap\">\n\t\t\t\t\t\t\t<\/div>\n\t\t<\/div>\n\t\t\t\t<div class=\"elementor-column elementor-col-25 elementor-top-column elementor-element elementor-element-539c20e2\" data-id=\"539c20e2\" data-element_type=\"column\" data-e-type=\"column\">\n\t\t\t<div class=\"elementor-widget-wrap\">\n\t\t\t\t\t\t\t<\/div>\n\t\t<\/div>\n\t\t\t\t<div class=\"elementor-column elementor-col-25 elementor-top-column elementor-element elementor-element-4230a49\" data-id=\"4230a49\" data-element_type=\"column\" data-e-type=\"column\">\n\t\t\t<div class=\"elementor-widget-wrap elementor-element-populated\">\n\t\t\t\t\t\t<div class=\"elementor-element elementor-element-14a975da elementor-button-danger elementor-widget elementor-widget-button\" data-id=\"14a975da\" data-element_type=\"widget\" data-e-type=\"widget\" data-widget_type=\"button.default\">\n\t\t\t\t<div class=\"elementor-widget-container\">\n\t\t\t\t\t\t\t\t\t<div class=\"elementor-button-wrapper\">\n\t\t\t\t\t<a class=\"elementor-button elementor-button-link elementor-size-sm\" href=\"https:\/\/nuevasgeneraciones.com.ar\/sitio\/wp-content\/uploads\/publicaciones\/hidrovia\/Conociendo-la-Hidrovia-NG-Julio2021.pdf\">\n\t\t\t\t\t\t<span class=\"elementor-button-content-wrapper\">\n\t\t\t\t\t\t\t\t\t<span class=\"elementor-button-text\">Ver publicaci\u00f3n<\/span>\n\t\t\t\t\t<\/span>\n\t\t\t\t\t<\/a>\n\t\t\t\t<\/div>\n\t\t\t\t\t\t\t\t<\/div>\n\t\t\t\t<\/div>\n\t\t\t\t\t<\/div>\n\t\t<\/div>\n\t\t\t\t<div class=\"elementor-column elementor-col-25 elementor-top-column elementor-element elementor-element-42b6171f\" data-id=\"42b6171f\" data-element_type=\"column\" data-e-type=\"column\">\n\t\t\t<div class=\"elementor-widget-wrap\">\n\t\t\t\t\t\t\t<\/div>\n\t\t<\/div>\n\t\t\t\t\t<\/div>\n\t\t<\/section>\n\t\t\t\t<section class=\"elementor-section elementor-top-section elementor-element elementor-element-63e3844c elementor-section-boxed elementor-section-height-default elementor-section-height-default\" data-id=\"63e3844c\" data-element_type=\"section\" data-e-type=\"section\">\n\t\t\t\t\t\t<div class=\"elementor-container elementor-column-gap-default\">\n\t\t\t\t\t<div class=\"elementor-column elementor-col-25 elementor-top-column elementor-element elementor-element-21c6f9f6\" data-id=\"21c6f9f6\" data-element_type=\"column\" data-e-type=\"column\">\n\t\t\t<div class=\"elementor-widget-wrap\">\n\t\t\t\t\t\t\t<\/div>\n\t\t<\/div>\n\t\t\t\t<div class=\"elementor-column elementor-col-50 elementor-top-column elementor-element elementor-element-42e3365\" data-id=\"42e3365\" data-element_type=\"column\" data-e-type=\"column\">\n\t\t\t<div class=\"elementor-widget-wrap\">\n\t\t\t\t\t\t\t<\/div>\n\t\t<\/div>\n\t\t\t\t<div class=\"elementor-column elementor-col-25 elementor-top-column elementor-element elementor-element-7e89f80\" data-id=\"7e89f80\" data-element_type=\"column\" data-e-type=\"column\">\n\t\t\t<div class=\"elementor-widget-wrap\">\n\t\t\t\t\t\t\t<\/div>\n\t\t<\/div>\n\t\t\t\t\t<\/div>\n\t\t<\/section>\n\t\t\t\t<\/div>\n\t\t","protected":false},"excerpt":{"rendered":"<p>Conociendo la Hidrov\u00eda El presente documento se encuentra dirigido principalmente a aquellos tomadores de decisi\u00f3n, que ocupan espacios en el sector p\u00fablico, sea tanto en el Poder Ejecutivo, como en el Poder Legislativo, en el \u00e1mbito nacional, provincial y\/o municipal. Asimismo, se encuentra desarrollado desde una perspectiva que tambi\u00e9n ser\u00e1 de gran utilidad para los&hellip;&nbsp;<\/p>\n","protected":false},"author":1,"featured_media":0,"parent":0,"menu_order":0,"comment_status":"closed","ping_status":"closed","template":"page-templates\/template-pagebuilder-full-width.php","meta":{"neve_meta_sidebar":"","neve_meta_container":"","neve_meta_enable_content_width":"off","neve_meta_content_width":100,"neve_meta_title_alignment":"","neve_meta_author_avatar":"","neve_post_elements_order":"","neve_meta_disable_header":"","neve_meta_disable_footer":"","neve_meta_disable_title":"","footnotes":""},"class_list":["post-15400","page","type-page","status-publish","hentry"],"yoast_head":"<!-- This site is optimized with the Yoast SEO plugin v27.4 - https:\/\/yoast.com\/product\/yoast-seo-wordpress\/ -->\n<title>Conociendo la Hidrov\u00eda - Fundaci\u00f3n Nuevas Generaciones<\/title>\n<meta name=\"robots\" content=\"index, follow, max-snippet:-1, max-image-preview:large, max-video-preview:-1\" \/>\n<link rel=\"canonical\" href=\"https:\/\/nuevasgeneraciones.com.ar\/sitio\/conociendo-la-hidrovia\/\" \/>\n<meta property=\"og:locale\" content=\"es_ES\" \/>\n<meta property=\"og:type\" content=\"article\" \/>\n<meta property=\"og:title\" content=\"Conociendo la Hidrov\u00eda - Fundaci\u00f3n Nuevas Generaciones\" \/>\n<meta property=\"og:description\" content=\"Conociendo la Hidrov\u00eda El presente documento se encuentra dirigido principalmente a aquellos tomadores de decisi\u00f3n, que ocupan espacios en el sector p\u00fablico, sea tanto en el Poder Ejecutivo, como en el Poder Legislativo, en el \u00e1mbito nacional, provincial y\/o municipal. Asimismo, se encuentra desarrollado desde una perspectiva que tambi\u00e9n ser\u00e1 de gran utilidad para los&hellip;&nbsp;\" \/>\n<meta property=\"og:url\" content=\"https:\/\/nuevasgeneraciones.com.ar\/sitio\/conociendo-la-hidrovia\/\" \/>\n<meta property=\"og:site_name\" content=\"Fundaci\u00f3n Nuevas Generaciones\" \/>\n<meta property=\"article:modified_time\" content=\"2023-06-29T17:31:37+00:00\" \/>\n<meta property=\"og:image\" content=\"https:\/\/nuevasgeneraciones.com.ar\/sitio\/wp-content\/uploads\/2023\/06\/Tapa-Conociendo-la-Hidrovia-NG--204x300.jpeg\" \/>\n<meta name=\"twitter:card\" content=\"summary_large_image\" \/>\n<meta name=\"twitter:label1\" content=\"Tiempo de lectura\" \/>\n\t<meta name=\"twitter:data1\" content=\"2 minutos\" \/>\n<script type=\"application\/ld+json\" class=\"yoast-schema-graph\">{\"@context\":\"https:\\\/\\\/schema.org\",\"@graph\":[{\"@type\":\"WebPage\",\"@id\":\"https:\\\/\\\/nuevasgeneraciones.com.ar\\\/sitio\\\/conociendo-la-hidrovia\\\/\",\"url\":\"https:\\\/\\\/nuevasgeneraciones.com.ar\\\/sitio\\\/conociendo-la-hidrovia\\\/\",\"name\":\"Conociendo la Hidrov\u00eda - Fundaci\u00f3n Nuevas Generaciones\",\"isPartOf\":{\"@id\":\"https:\\\/\\\/nuevasgeneraciones.com.ar\\\/sitio\\\/#website\"},\"primaryImageOfPage\":{\"@id\":\"https:\\\/\\\/nuevasgeneraciones.com.ar\\\/sitio\\\/conociendo-la-hidrovia\\\/#primaryimage\"},\"image\":{\"@id\":\"https:\\\/\\\/nuevasgeneraciones.com.ar\\\/sitio\\\/conociendo-la-hidrovia\\\/#primaryimage\"},\"thumbnailUrl\":\"https:\\\/\\\/nuevasgeneraciones.com.ar\\\/sitio\\\/wp-content\\\/uploads\\\/2023\\\/06\\\/Tapa-Conociendo-la-Hidrovia-NG--204x300.jpeg\",\"datePublished\":\"2021-07-05T11:37:47+00:00\",\"dateModified\":\"2023-06-29T17:31:37+00:00\",\"breadcrumb\":{\"@id\":\"https:\\\/\\\/nuevasgeneraciones.com.ar\\\/sitio\\\/conociendo-la-hidrovia\\\/#breadcrumb\"},\"inLanguage\":\"es-AR\",\"potentialAction\":[{\"@type\":\"ReadAction\",\"target\":[\"https:\\\/\\\/nuevasgeneraciones.com.ar\\\/sitio\\\/conociendo-la-hidrovia\\\/\"]}]},{\"@type\":\"ImageObject\",\"inLanguage\":\"es-AR\",\"@id\":\"https:\\\/\\\/nuevasgeneraciones.com.ar\\\/sitio\\\/conociendo-la-hidrovia\\\/#primaryimage\",\"url\":\"https:\\\/\\\/nuevasgeneraciones.com.ar\\\/sitio\\\/wp-content\\\/uploads\\\/2023\\\/06\\\/Tapa-Conociendo-la-Hidrovia-NG-.jpeg\",\"contentUrl\":\"https:\\\/\\\/nuevasgeneraciones.com.ar\\\/sitio\\\/wp-content\\\/uploads\\\/2023\\\/06\\\/Tapa-Conociendo-la-Hidrovia-NG-.jpeg\",\"width\":400,\"height\":589},{\"@type\":\"BreadcrumbList\",\"@id\":\"https:\\\/\\\/nuevasgeneraciones.com.ar\\\/sitio\\\/conociendo-la-hidrovia\\\/#breadcrumb\",\"itemListElement\":[{\"@type\":\"ListItem\",\"position\":1,\"name\":\"Inicio\",\"item\":\"https:\\\/\\\/nuevasgeneraciones.com.ar\\\/sitio\\\/\"},{\"@type\":\"ListItem\",\"position\":2,\"name\":\"Conociendo la Hidrov\u00eda\"}]},{\"@type\":\"WebSite\",\"@id\":\"https:\\\/\\\/nuevasgeneraciones.com.ar\\\/sitio\\\/#website\",\"url\":\"https:\\\/\\\/nuevasgeneraciones.com.ar\\\/sitio\\\/\",\"name\":\"Fundaci\u00f3n Nuevas Generaciones\",\"description\":\"\",\"publisher\":{\"@id\":\"https:\\\/\\\/nuevasgeneraciones.com.ar\\\/sitio\\\/#organization\"},\"potentialAction\":[{\"@type\":\"SearchAction\",\"target\":{\"@type\":\"EntryPoint\",\"urlTemplate\":\"https:\\\/\\\/nuevasgeneraciones.com.ar\\\/sitio\\\/?s={search_term_string}\"},\"query-input\":{\"@type\":\"PropertyValueSpecification\",\"valueRequired\":true,\"valueName\":\"search_term_string\"}}],\"inLanguage\":\"es-AR\"},{\"@type\":\"Organization\",\"@id\":\"https:\\\/\\\/nuevasgeneraciones.com.ar\\\/sitio\\\/#organization\",\"name\":\"Fundaci\u00f3n Nuevas Generaciones\",\"url\":\"https:\\\/\\\/nuevasgeneraciones.com.ar\\\/sitio\\\/\",\"logo\":{\"@type\":\"ImageObject\",\"inLanguage\":\"es-AR\",\"@id\":\"https:\\\/\\\/nuevasgeneraciones.com.ar\\\/sitio\\\/#\\\/schema\\\/logo\\\/image\\\/\",\"url\":\"https:\\\/\\\/nuevasgeneraciones.com.ar\\\/sitio\\\/wp-content\\\/uploads\\\/2023\\\/06\\\/logo-01.png\",\"contentUrl\":\"https:\\\/\\\/nuevasgeneraciones.com.ar\\\/sitio\\\/wp-content\\\/uploads\\\/2023\\\/06\\\/logo-01.png\",\"width\":593,\"height\":77,\"caption\":\"Fundaci\u00f3n Nuevas Generaciones\"},\"image\":{\"@id\":\"https:\\\/\\\/nuevasgeneraciones.com.ar\\\/sitio\\\/#\\\/schema\\\/logo\\\/image\\\/\"}}]}<\/script>\n<!-- \/ Yoast SEO plugin. -->","yoast_head_json":{"title":"Conociendo la Hidrov\u00eda - Fundaci\u00f3n Nuevas Generaciones","robots":{"index":"index","follow":"follow","max-snippet":"max-snippet:-1","max-image-preview":"max-image-preview:large","max-video-preview":"max-video-preview:-1"},"canonical":"https:\/\/nuevasgeneraciones.com.ar\/sitio\/conociendo-la-hidrovia\/","og_locale":"es_ES","og_type":"article","og_title":"Conociendo la Hidrov\u00eda - Fundaci\u00f3n Nuevas Generaciones","og_description":"Conociendo la Hidrov\u00eda El presente documento se encuentra dirigido principalmente a aquellos tomadores de decisi\u00f3n, que ocupan espacios en el sector p\u00fablico, sea tanto en el Poder Ejecutivo, como en el Poder Legislativo, en el \u00e1mbito nacional, provincial y\/o municipal. Asimismo, se encuentra desarrollado desde una perspectiva que tambi\u00e9n ser\u00e1 de gran utilidad para los&hellip;&nbsp;","og_url":"https:\/\/nuevasgeneraciones.com.ar\/sitio\/conociendo-la-hidrovia\/","og_site_name":"Fundaci\u00f3n Nuevas Generaciones","article_modified_time":"2023-06-29T17:31:37+00:00","og_image":[{"url":"https:\/\/nuevasgeneraciones.com.ar\/sitio\/wp-content\/uploads\/2023\/06\/Tapa-Conociendo-la-Hidrovia-NG--204x300.jpeg","type":"","width":"","height":""}],"twitter_card":"summary_large_image","twitter_misc":{"Tiempo de lectura":"2 minutos"},"schema":{"@context":"https:\/\/schema.org","@graph":[{"@type":"WebPage","@id":"https:\/\/nuevasgeneraciones.com.ar\/sitio\/conociendo-la-hidrovia\/","url":"https:\/\/nuevasgeneraciones.com.ar\/sitio\/conociendo-la-hidrovia\/","name":"Conociendo la Hidrov\u00eda - Fundaci\u00f3n Nuevas Generaciones","isPartOf":{"@id":"https:\/\/nuevasgeneraciones.com.ar\/sitio\/#website"},"primaryImageOfPage":{"@id":"https:\/\/nuevasgeneraciones.com.ar\/sitio\/conociendo-la-hidrovia\/#primaryimage"},"image":{"@id":"https:\/\/nuevasgeneraciones.com.ar\/sitio\/conociendo-la-hidrovia\/#primaryimage"},"thumbnailUrl":"https:\/\/nuevasgeneraciones.com.ar\/sitio\/wp-content\/uploads\/2023\/06\/Tapa-Conociendo-la-Hidrovia-NG--204x300.jpeg","datePublished":"2021-07-05T11:37:47+00:00","dateModified":"2023-06-29T17:31:37+00:00","breadcrumb":{"@id":"https:\/\/nuevasgeneraciones.com.ar\/sitio\/conociendo-la-hidrovia\/#breadcrumb"},"inLanguage":"es-AR","potentialAction":[{"@type":"ReadAction","target":["https:\/\/nuevasgeneraciones.com.ar\/sitio\/conociendo-la-hidrovia\/"]}]},{"@type":"ImageObject","inLanguage":"es-AR","@id":"https:\/\/nuevasgeneraciones.com.ar\/sitio\/conociendo-la-hidrovia\/#primaryimage","url":"https:\/\/nuevasgeneraciones.com.ar\/sitio\/wp-content\/uploads\/2023\/06\/Tapa-Conociendo-la-Hidrovia-NG-.jpeg","contentUrl":"https:\/\/nuevasgeneraciones.com.ar\/sitio\/wp-content\/uploads\/2023\/06\/Tapa-Conociendo-la-Hidrovia-NG-.jpeg","width":400,"height":589},{"@type":"BreadcrumbList","@id":"https:\/\/nuevasgeneraciones.com.ar\/sitio\/conociendo-la-hidrovia\/#breadcrumb","itemListElement":[{"@type":"ListItem","position":1,"name":"Inicio","item":"https:\/\/nuevasgeneraciones.com.ar\/sitio\/"},{"@type":"ListItem","position":2,"name":"Conociendo la Hidrov\u00eda"}]},{"@type":"WebSite","@id":"https:\/\/nuevasgeneraciones.com.ar\/sitio\/#website","url":"https:\/\/nuevasgeneraciones.com.ar\/sitio\/","name":"Fundaci\u00f3n Nuevas Generaciones","description":"","publisher":{"@id":"https:\/\/nuevasgeneraciones.com.ar\/sitio\/#organization"},"potentialAction":[{"@type":"SearchAction","target":{"@type":"EntryPoint","urlTemplate":"https:\/\/nuevasgeneraciones.com.ar\/sitio\/?s={search_term_string}"},"query-input":{"@type":"PropertyValueSpecification","valueRequired":true,"valueName":"search_term_string"}}],"inLanguage":"es-AR"},{"@type":"Organization","@id":"https:\/\/nuevasgeneraciones.com.ar\/sitio\/#organization","name":"Fundaci\u00f3n Nuevas Generaciones","url":"https:\/\/nuevasgeneraciones.com.ar\/sitio\/","logo":{"@type":"ImageObject","inLanguage":"es-AR","@id":"https:\/\/nuevasgeneraciones.com.ar\/sitio\/#\/schema\/logo\/image\/","url":"https:\/\/nuevasgeneraciones.com.ar\/sitio\/wp-content\/uploads\/2023\/06\/logo-01.png","contentUrl":"https:\/\/nuevasgeneraciones.com.ar\/sitio\/wp-content\/uploads\/2023\/06\/logo-01.png","width":593,"height":77,"caption":"Fundaci\u00f3n Nuevas Generaciones"},"image":{"@id":"https:\/\/nuevasgeneraciones.com.ar\/sitio\/#\/schema\/logo\/image\/"}}]}},"_links":{"self":[{"href":"https:\/\/nuevasgeneraciones.com.ar\/sitio\/wp-json\/wp\/v2\/pages\/15400","targetHints":{"allow":["GET"]}}],"collection":[{"href":"https:\/\/nuevasgeneraciones.com.ar\/sitio\/wp-json\/wp\/v2\/pages"}],"about":[{"href":"https:\/\/nuevasgeneraciones.com.ar\/sitio\/wp-json\/wp\/v2\/types\/page"}],"author":[{"embeddable":true,"href":"https:\/\/nuevasgeneraciones.com.ar\/sitio\/wp-json\/wp\/v2\/users\/1"}],"replies":[{"embeddable":true,"href":"https:\/\/nuevasgeneraciones.com.ar\/sitio\/wp-json\/wp\/v2\/comments?post=15400"}],"version-history":[{"count":3,"href":"https:\/\/nuevasgeneraciones.com.ar\/sitio\/wp-json\/wp\/v2\/pages\/15400\/revisions"}],"predecessor-version":[{"id":18641,"href":"https:\/\/nuevasgeneraciones.com.ar\/sitio\/wp-json\/wp\/v2\/pages\/15400\/revisions\/18641"}],"wp:attachment":[{"href":"https:\/\/nuevasgeneraciones.com.ar\/sitio\/wp-json\/wp\/v2\/media?parent=15400"}],"curies":[{"name":"wp","href":"https:\/\/api.w.org\/{rel}","templated":true}]}}