{"id":13816,"date":"2019-07-16T10:01:51","date_gmt":"2019-07-16T13:01:51","guid":{"rendered":"http:\/\/nuevasgeneraciones.com.ar\/sitio\/?page_id=13816"},"modified":"2023-06-29T18:28:23","modified_gmt":"2023-06-29T18:28:23","slug":"instituto-de-estudios-birregionales","status":"publish","type":"page","link":"https:\/\/nuevasgeneraciones.com.ar\/sitio\/instituto-de-estudios-birregionales\/","title":{"rendered":"Instituto de Estudios Birregionales"},"content":{"rendered":"\t\t<div data-elementor-type=\"wp-page\" data-elementor-id=\"13816\" class=\"elementor elementor-13816\" data-elementor-post-type=\"page\">\n\t\t\t\t\t\t<section class=\"elementor-section elementor-top-section elementor-element elementor-element-35b3a39 elementor-section-full_width elementor-section-height-default elementor-section-height-default\" data-id=\"35b3a39\" data-element_type=\"section\" data-e-type=\"section\" data-settings=\"{&quot;background_background&quot;:&quot;classic&quot;}\">\n\t\t\t\t\t\t<div class=\"elementor-container elementor-column-gap-default\">\n\t\t\t\t\t<div class=\"elementor-column elementor-col-33 elementor-top-column elementor-element elementor-element-5690daa5\" data-id=\"5690daa5\" data-element_type=\"column\" data-e-type=\"column\">\n\t\t\t<div class=\"elementor-widget-wrap\">\n\t\t\t\t\t\t\t<\/div>\n\t\t<\/div>\n\t\t\t\t<div class=\"elementor-column elementor-col-33 elementor-top-column elementor-element elementor-element-341f9db4\" data-id=\"341f9db4\" data-element_type=\"column\" data-e-type=\"column\">\n\t\t\t<div class=\"elementor-widget-wrap elementor-element-populated\">\n\t\t\t\t\t\t<div class=\"elementor-element elementor-element-2496d9ea elementor-widget elementor-widget-text-editor\" data-id=\"2496d9ea\" data-element_type=\"widget\" data-e-type=\"widget\" data-widget_type=\"text-editor.default\">\n\t\t\t\t<div class=\"elementor-widget-container\">\n\t\t\t\t\t\t\t\t\t<h1>Instituto de Estudios Birregionales<\/h1>\t\t\t\t\t\t\t\t<\/div>\n\t\t\t\t<\/div>\n\t\t\t\t\t<\/div>\n\t\t<\/div>\n\t\t\t\t<div class=\"elementor-column elementor-col-33 elementor-top-column elementor-element elementor-element-76826206\" data-id=\"76826206\" data-element_type=\"column\" data-e-type=\"column\">\n\t\t\t<div class=\"elementor-widget-wrap\">\n\t\t\t\t\t\t\t<\/div>\n\t\t<\/div>\n\t\t\t\t\t<\/div>\n\t\t<\/section>\n\t\t\t\t<section class=\"elementor-section elementor-top-section elementor-element elementor-element-6f245d60 elementor-section-full_width elementor-section-height-default elementor-section-height-default\" data-id=\"6f245d60\" data-element_type=\"section\" data-e-type=\"section\">\n\t\t\t\t\t\t<div class=\"elementor-container elementor-column-gap-default\">\n\t\t\t\t\t<div class=\"elementor-column elementor-col-100 elementor-top-column elementor-element elementor-element-2ba1d5e7\" data-id=\"2ba1d5e7\" data-element_type=\"column\" data-e-type=\"column\" data-settings=\"{&quot;background_background&quot;:&quot;classic&quot;}\">\n\t\t\t<div class=\"elementor-widget-wrap elementor-element-populated\">\n\t\t\t\t\t\t<div class=\"elementor-element elementor-element-443b11a1 elementor-widget elementor-widget-spacer\" data-id=\"443b11a1\" data-element_type=\"widget\" data-e-type=\"widget\" data-widget_type=\"spacer.default\">\n\t\t\t\t<div class=\"elementor-widget-container\">\n\t\t\t\t\t\t\t<div class=\"elementor-spacer\">\n\t\t\t<div class=\"elementor-spacer-inner\"><\/div>\n\t\t<\/div>\n\t\t\t\t\t\t<\/div>\n\t\t\t\t<\/div>\n\t\t\t\t\t<\/div>\n\t\t<\/div>\n\t\t\t\t\t<\/div>\n\t\t<\/section>\n\t\t\t\t<section class=\"elementor-section elementor-top-section elementor-element elementor-element-68daaa56 elementor-section-full_width elementor-section-height-default elementor-section-height-default\" data-id=\"68daaa56\" data-element_type=\"section\" data-e-type=\"section\">\n\t\t\t\t\t\t<div class=\"elementor-container elementor-column-gap-default\">\n\t\t\t\t\t<div class=\"elementor-column elementor-col-33 elementor-top-column elementor-element elementor-element-2b020a5a\" data-id=\"2b020a5a\" data-element_type=\"column\" data-e-type=\"column\">\n\t\t\t<div class=\"elementor-widget-wrap\">\n\t\t\t\t\t\t\t<\/div>\n\t\t<\/div>\n\t\t\t\t<div class=\"elementor-column elementor-col-33 elementor-top-column elementor-element elementor-element-4e7d0b27\" data-id=\"4e7d0b27\" data-element_type=\"column\" data-e-type=\"column\">\n\t\t\t<div class=\"elementor-widget-wrap elementor-element-populated\">\n\t\t\t\t\t\t<div class=\"elementor-element elementor-element-f9d58df elementor-widget elementor-widget-text-editor\" data-id=\"f9d58df\" data-element_type=\"widget\" data-e-type=\"widget\" data-widget_type=\"text-editor.default\">\n\t\t\t\t<div class=\"elementor-widget-container\">\n\t\t\t\t\t\t\t\t\t<p>Las negociaciones entre el Mercosur y la Uni\u00f3n Europea se iniciaron en el a\u00f1o 1995 a trav\u00e9s del Acuerdo Marco Interregional de Cooperaci\u00f3n. Durante los 24 a\u00f1os transcurridos desde ese momento, el v\u00ednculo entre ambos bloques pas\u00f3 por diferentes estadios y se ha visto influenciado tanto por los acontecimientos dom\u00e9sticos como por los vaivenes de la coyuntura internacional. El 28 de junio de 2019, en la ciudad de Bruselas, los representantes de ambas regiones lograron cerrar el acuerdo, que en breve comenzar\u00e1 a implementarse.<\/p><p>El Instituto de Estudios Birregionales tiene entre sus objetivos centrales el seguimiento de los principales aspectos econ\u00f3micos y comerciales derivados de dicho acuerdo de comercio, la evoluci\u00f3n pol\u00edtica y comercial de los pa\u00edses miembros de cada uno de los bloques, y los nuevos desaf\u00edos que se presentan para el v\u00ednculo atl\u00e1ntico.<\/p><p>El Instituto procura, mediante sus estudios y acciones, difundir las ventajas que brinda el proceso de integraci\u00f3n birregional Uni\u00f3n Europea \u2013 Mercosur, y concientizar sobre el impacto que el acuerdo birregional traer\u00e1 a cada regi\u00f3n, desde el punto de vista comercial, cultural, econ\u00f3mico y social. Este Instituto es un instrumento que busca mejorar la calidad de vida de los ciudadanos que integran ambos bloques, con especial foco en el progreso de las tecnolog\u00edas, la educaci\u00f3n, la cultura, el trabajo y el comercio.<\/p><p>El objetivo principal de este Instituto consiste brindar colaboraci\u00f3n t\u00e9cnica en el proceso de integraci\u00f3n a los pa\u00edses miembros y a los \u00f3rganos que integran los bloques. Para ello, promueve actividades de investigaci\u00f3n y difusi\u00f3n que refuerzan el proceso de integraci\u00f3n.<\/p><p>El Instituto se nutre de informaci\u00f3n y de opiniones t\u00e9cnicas producidas tanto por el sector p\u00fablico como por el sector privado, de ambas orillas del Atl\u00e1ntico. Asimismo, genera sus propios estudios y mediciones para brindar seguimiento al proceso de integraci\u00f3n.<\/p><p>El Instituto est\u00e1 integrado por destacados profesionales, con extensa experiencia en el desarrollo de pol\u00edticas p\u00fablicas y negociaciones comerciales, tanto del continente americano como del continente europeo, y cuenta con dos sedes operativas principales: Buenos Aires (Argentina) y Madrid (Espa\u00f1a), actuando en constante sinergia con enlaces en el resto de los pa\u00edses del Mercosur, como as\u00ed tambi\u00e9n en Bruselas.<\/p>\t\t\t\t\t\t\t\t<\/div>\n\t\t\t\t<\/div>\n\t\t\t\t\t<\/div>\n\t\t<\/div>\n\t\t\t\t<div class=\"elementor-column elementor-col-33 elementor-top-column elementor-element elementor-element-67a0bd41\" data-id=\"67a0bd41\" data-element_type=\"column\" data-e-type=\"column\">\n\t\t\t<div class=\"elementor-widget-wrap\">\n\t\t\t\t\t\t\t<\/div>\n\t\t<\/div>\n\t\t\t\t\t<\/div>\n\t\t<\/section>\n\t\t\t\t<\/div>\n\t\t","protected":false},"excerpt":{"rendered":"<p>Instituto de Estudios Birregionales Las negociaciones entre el Mercosur y la Uni\u00f3n Europea se iniciaron en el a\u00f1o 1995 a trav\u00e9s del Acuerdo Marco Interregional de Cooperaci\u00f3n. Durante los 24 a\u00f1os transcurridos desde ese momento, el v\u00ednculo entre ambos bloques pas\u00f3 por diferentes estadios y se ha visto influenciado tanto por los acontecimientos dom\u00e9sticos como&hellip;&nbsp;<\/p>\n","protected":false},"author":1,"featured_media":13823,"parent":0,"menu_order":0,"comment_status":"closed","ping_status":"closed","template":"page-templates\/template-pagebuilder-full-width.php","meta":{"neve_meta_sidebar":"","neve_meta_container":"","neve_meta_enable_content_width":"off","neve_meta_content_width":100,"neve_meta_title_alignment":"","neve_meta_author_avatar":"","neve_post_elements_order":"","neve_meta_disable_header":"","neve_meta_disable_footer":"","neve_meta_disable_title":"","footnotes":""},"class_list":["post-13816","page","type-page","status-publish","has-post-thumbnail","hentry"],"yoast_head":"<!-- This site is optimized with the Yoast SEO plugin v27.4 - https:\/\/yoast.com\/product\/yoast-seo-wordpress\/ -->\n<title>Instituto de Estudios Birregionales - Fundaci\u00f3n Nuevas Generaciones<\/title>\n<meta name=\"robots\" content=\"index, follow, max-snippet:-1, max-image-preview:large, max-video-preview:-1\" \/>\n<link rel=\"canonical\" href=\"https:\/\/nuevasgeneraciones.com.ar\/sitio\/instituto-de-estudios-birregionales\/\" \/>\n<meta property=\"og:locale\" content=\"es_ES\" \/>\n<meta property=\"og:type\" content=\"article\" \/>\n<meta property=\"og:title\" content=\"Instituto de Estudios Birregionales - Fundaci\u00f3n Nuevas Generaciones\" \/>\n<meta property=\"og:description\" content=\"Instituto de Estudios Birregionales Las negociaciones entre el Mercosur y la Uni\u00f3n Europea se iniciaron en el a\u00f1o 1995 a trav\u00e9s del Acuerdo Marco Interregional de Cooperaci\u00f3n. Durante los 24 a\u00f1os transcurridos desde ese momento, el v\u00ednculo entre ambos bloques pas\u00f3 por diferentes estadios y se ha visto influenciado tanto por los acontecimientos dom\u00e9sticos como&hellip;&nbsp;\" \/>\n<meta property=\"og:url\" content=\"https:\/\/nuevasgeneraciones.com.ar\/sitio\/instituto-de-estudios-birregionales\/\" \/>\n<meta property=\"og:site_name\" content=\"Fundaci\u00f3n Nuevas Generaciones\" \/>\n<meta property=\"article:modified_time\" content=\"2023-06-29T18:28:23+00:00\" \/>\n<meta name=\"twitter:card\" content=\"summary_large_image\" \/>\n<meta name=\"twitter:label1\" content=\"Tiempo de lectura\" \/>\n\t<meta name=\"twitter:data1\" content=\"2 minutos\" \/>\n<script type=\"application\/ld+json\" class=\"yoast-schema-graph\">{\"@context\":\"https:\\\/\\\/schema.org\",\"@graph\":[{\"@type\":\"WebPage\",\"@id\":\"https:\\\/\\\/nuevasgeneraciones.com.ar\\\/sitio\\\/instituto-de-estudios-birregionales\\\/\",\"url\":\"https:\\\/\\\/nuevasgeneraciones.com.ar\\\/sitio\\\/instituto-de-estudios-birregionales\\\/\",\"name\":\"Instituto de Estudios Birregionales - Fundaci\u00f3n Nuevas Generaciones\",\"isPartOf\":{\"@id\":\"https:\\\/\\\/nuevasgeneraciones.com.ar\\\/sitio\\\/#website\"},\"primaryImageOfPage\":{\"@id\":\"https:\\\/\\\/nuevasgeneraciones.com.ar\\\/sitio\\\/instituto-de-estudios-birregionales\\\/#primaryimage\"},\"image\":{\"@id\":\"https:\\\/\\\/nuevasgeneraciones.com.ar\\\/sitio\\\/instituto-de-estudios-birregionales\\\/#primaryimage\"},\"thumbnailUrl\":\"\",\"datePublished\":\"2019-07-16T13:01:51+00:00\",\"dateModified\":\"2023-06-29T18:28:23+00:00\",\"breadcrumb\":{\"@id\":\"https:\\\/\\\/nuevasgeneraciones.com.ar\\\/sitio\\\/instituto-de-estudios-birregionales\\\/#breadcrumb\"},\"inLanguage\":\"es-AR\",\"potentialAction\":[{\"@type\":\"ReadAction\",\"target\":[\"https:\\\/\\\/nuevasgeneraciones.com.ar\\\/sitio\\\/instituto-de-estudios-birregionales\\\/\"]}]},{\"@type\":\"ImageObject\",\"inLanguage\":\"es-AR\",\"@id\":\"https:\\\/\\\/nuevasgeneraciones.com.ar\\\/sitio\\\/instituto-de-estudios-birregionales\\\/#primaryimage\",\"url\":\"\",\"contentUrl\":\"\"},{\"@type\":\"BreadcrumbList\",\"@id\":\"https:\\\/\\\/nuevasgeneraciones.com.ar\\\/sitio\\\/instituto-de-estudios-birregionales\\\/#breadcrumb\",\"itemListElement\":[{\"@type\":\"ListItem\",\"position\":1,\"name\":\"Inicio\",\"item\":\"https:\\\/\\\/nuevasgeneraciones.com.ar\\\/sitio\\\/\"},{\"@type\":\"ListItem\",\"position\":2,\"name\":\"Instituto de Estudios Birregionales\"}]},{\"@type\":\"WebSite\",\"@id\":\"https:\\\/\\\/nuevasgeneraciones.com.ar\\\/sitio\\\/#website\",\"url\":\"https:\\\/\\\/nuevasgeneraciones.com.ar\\\/sitio\\\/\",\"name\":\"Fundaci\u00f3n Nuevas Generaciones\",\"description\":\"\",\"publisher\":{\"@id\":\"https:\\\/\\\/nuevasgeneraciones.com.ar\\\/sitio\\\/#organization\"},\"potentialAction\":[{\"@type\":\"SearchAction\",\"target\":{\"@type\":\"EntryPoint\",\"urlTemplate\":\"https:\\\/\\\/nuevasgeneraciones.com.ar\\\/sitio\\\/?s={search_term_string}\"},\"query-input\":{\"@type\":\"PropertyValueSpecification\",\"valueRequired\":true,\"valueName\":\"search_term_string\"}}],\"inLanguage\":\"es-AR\"},{\"@type\":\"Organization\",\"@id\":\"https:\\\/\\\/nuevasgeneraciones.com.ar\\\/sitio\\\/#organization\",\"name\":\"Fundaci\u00f3n Nuevas Generaciones\",\"url\":\"https:\\\/\\\/nuevasgeneraciones.com.ar\\\/sitio\\\/\",\"logo\":{\"@type\":\"ImageObject\",\"inLanguage\":\"es-AR\",\"@id\":\"https:\\\/\\\/nuevasgeneraciones.com.ar\\\/sitio\\\/#\\\/schema\\\/logo\\\/image\\\/\",\"url\":\"https:\\\/\\\/nuevasgeneraciones.com.ar\\\/sitio\\\/wp-content\\\/uploads\\\/2023\\\/06\\\/logo-01.png\",\"contentUrl\":\"https:\\\/\\\/nuevasgeneraciones.com.ar\\\/sitio\\\/wp-content\\\/uploads\\\/2023\\\/06\\\/logo-01.png\",\"width\":593,\"height\":77,\"caption\":\"Fundaci\u00f3n Nuevas Generaciones\"},\"image\":{\"@id\":\"https:\\\/\\\/nuevasgeneraciones.com.ar\\\/sitio\\\/#\\\/schema\\\/logo\\\/image\\\/\"}}]}<\/script>\n<!-- \/ Yoast SEO plugin. -->","yoast_head_json":{"title":"Instituto de Estudios Birregionales - Fundaci\u00f3n Nuevas Generaciones","robots":{"index":"index","follow":"follow","max-snippet":"max-snippet:-1","max-image-preview":"max-image-preview:large","max-video-preview":"max-video-preview:-1"},"canonical":"https:\/\/nuevasgeneraciones.com.ar\/sitio\/instituto-de-estudios-birregionales\/","og_locale":"es_ES","og_type":"article","og_title":"Instituto de Estudios Birregionales - Fundaci\u00f3n Nuevas Generaciones","og_description":"Instituto de Estudios Birregionales Las negociaciones entre el Mercosur y la Uni\u00f3n Europea se iniciaron en el a\u00f1o 1995 a trav\u00e9s del Acuerdo Marco Interregional de Cooperaci\u00f3n. Durante los 24 a\u00f1os transcurridos desde ese momento, el v\u00ednculo entre ambos bloques pas\u00f3 por diferentes estadios y se ha visto influenciado tanto por los acontecimientos dom\u00e9sticos como&hellip;&nbsp;","og_url":"https:\/\/nuevasgeneraciones.com.ar\/sitio\/instituto-de-estudios-birregionales\/","og_site_name":"Fundaci\u00f3n Nuevas Generaciones","article_modified_time":"2023-06-29T18:28:23+00:00","twitter_card":"summary_large_image","twitter_misc":{"Tiempo de lectura":"2 minutos"},"schema":{"@context":"https:\/\/schema.org","@graph":[{"@type":"WebPage","@id":"https:\/\/nuevasgeneraciones.com.ar\/sitio\/instituto-de-estudios-birregionales\/","url":"https:\/\/nuevasgeneraciones.com.ar\/sitio\/instituto-de-estudios-birregionales\/","name":"Instituto de Estudios Birregionales - Fundaci\u00f3n Nuevas Generaciones","isPartOf":{"@id":"https:\/\/nuevasgeneraciones.com.ar\/sitio\/#website"},"primaryImageOfPage":{"@id":"https:\/\/nuevasgeneraciones.com.ar\/sitio\/instituto-de-estudios-birregionales\/#primaryimage"},"image":{"@id":"https:\/\/nuevasgeneraciones.com.ar\/sitio\/instituto-de-estudios-birregionales\/#primaryimage"},"thumbnailUrl":"","datePublished":"2019-07-16T13:01:51+00:00","dateModified":"2023-06-29T18:28:23+00:00","breadcrumb":{"@id":"https:\/\/nuevasgeneraciones.com.ar\/sitio\/instituto-de-estudios-birregionales\/#breadcrumb"},"inLanguage":"es-AR","potentialAction":[{"@type":"ReadAction","target":["https:\/\/nuevasgeneraciones.com.ar\/sitio\/instituto-de-estudios-birregionales\/"]}]},{"@type":"ImageObject","inLanguage":"es-AR","@id":"https:\/\/nuevasgeneraciones.com.ar\/sitio\/instituto-de-estudios-birregionales\/#primaryimage","url":"","contentUrl":""},{"@type":"BreadcrumbList","@id":"https:\/\/nuevasgeneraciones.com.ar\/sitio\/instituto-de-estudios-birregionales\/#breadcrumb","itemListElement":[{"@type":"ListItem","position":1,"name":"Inicio","item":"https:\/\/nuevasgeneraciones.com.ar\/sitio\/"},{"@type":"ListItem","position":2,"name":"Instituto de Estudios Birregionales"}]},{"@type":"WebSite","@id":"https:\/\/nuevasgeneraciones.com.ar\/sitio\/#website","url":"https:\/\/nuevasgeneraciones.com.ar\/sitio\/","name":"Fundaci\u00f3n Nuevas Generaciones","description":"","publisher":{"@id":"https:\/\/nuevasgeneraciones.com.ar\/sitio\/#organization"},"potentialAction":[{"@type":"SearchAction","target":{"@type":"EntryPoint","urlTemplate":"https:\/\/nuevasgeneraciones.com.ar\/sitio\/?s={search_term_string}"},"query-input":{"@type":"PropertyValueSpecification","valueRequired":true,"valueName":"search_term_string"}}],"inLanguage":"es-AR"},{"@type":"Organization","@id":"https:\/\/nuevasgeneraciones.com.ar\/sitio\/#organization","name":"Fundaci\u00f3n Nuevas Generaciones","url":"https:\/\/nuevasgeneraciones.com.ar\/sitio\/","logo":{"@type":"ImageObject","inLanguage":"es-AR","@id":"https:\/\/nuevasgeneraciones.com.ar\/sitio\/#\/schema\/logo\/image\/","url":"https:\/\/nuevasgeneraciones.com.ar\/sitio\/wp-content\/uploads\/2023\/06\/logo-01.png","contentUrl":"https:\/\/nuevasgeneraciones.com.ar\/sitio\/wp-content\/uploads\/2023\/06\/logo-01.png","width":593,"height":77,"caption":"Fundaci\u00f3n Nuevas Generaciones"},"image":{"@id":"https:\/\/nuevasgeneraciones.com.ar\/sitio\/#\/schema\/logo\/image\/"}}]}},"_links":{"self":[{"href":"https:\/\/nuevasgeneraciones.com.ar\/sitio\/wp-json\/wp\/v2\/pages\/13816","targetHints":{"allow":["GET"]}}],"collection":[{"href":"https:\/\/nuevasgeneraciones.com.ar\/sitio\/wp-json\/wp\/v2\/pages"}],"about":[{"href":"https:\/\/nuevasgeneraciones.com.ar\/sitio\/wp-json\/wp\/v2\/types\/page"}],"author":[{"embeddable":true,"href":"https:\/\/nuevasgeneraciones.com.ar\/sitio\/wp-json\/wp\/v2\/users\/1"}],"replies":[{"embeddable":true,"href":"https:\/\/nuevasgeneraciones.com.ar\/sitio\/wp-json\/wp\/v2\/comments?post=13816"}],"version-history":[{"count":6,"href":"https:\/\/nuevasgeneraciones.com.ar\/sitio\/wp-json\/wp\/v2\/pages\/13816\/revisions"}],"predecessor-version":[{"id":18736,"href":"https:\/\/nuevasgeneraciones.com.ar\/sitio\/wp-json\/wp\/v2\/pages\/13816\/revisions\/18736"}],"wp:featuredmedia":[{"embeddable":true,"href":"https:\/\/nuevasgeneraciones.com.ar\/sitio\/wp-json\/"}],"wp:attachment":[{"href":"https:\/\/nuevasgeneraciones.com.ar\/sitio\/wp-json\/wp\/v2\/media?parent=13816"}],"curies":[{"name":"wp","href":"https:\/\/api.w.org\/{rel}","templated":true}]}}